{"id":25052702,"date":"2024-02-10T09:26:58","date_gmt":"2024-02-10T09:26:58","guid":{"rendered":"https:\/\/domaine-camarette.com\/?page_id=25052702"},"modified":"2024-02-29T21:03:01","modified_gmt":"2024-02-29T21:03:01","slug":"feader","status":"publish","type":"page","link":"https:\/\/domaine-camarette.com\/en\/feader","title":{"rendered":"FEADER"},"content":{"rendered":"<p>[et_pb_section fb_built=\u00a0\u00bb1&Prime; _builder_version=\u00a0\u00bb4.24.0&Prime; _module_preset=\u00a0\u00bbdefault\u00a0\u00bb background_color=\u00a0\u00bb#B8BCDB\u00a0\u00bb background_image=\u00a0\u00bbhttps:\/\/domaine-camarette.com\/wp-content\/uploads\/2024\/02\/FEADER-com-autorite-coul.png\u00a0\u00bb background_size=\u00a0\u00bbcustom\u00a0\u00bb background_image_width=\u00a0\u00bb42%\u00a0\u00bb background_image_height=\u00a0\u00bb0%\u00a0\u00bb background_blend=\u00a0\u00bbhard-light\u00a0\u00bb da_disable_devices=\u00a0\u00bboff|off|off\u00a0\u00bb global_colors_info=\u00a0\u00bb{}\u00a0\u00bb da_is_popup=\u00a0\u00bboff\u00a0\u00bb da_exit_intent=\u00a0\u00bboff\u00a0\u00bb da_has_close=\u00a0\u00bbon\u00a0\u00bb da_alt_close=\u00a0\u00bboff\u00a0\u00bb da_dark_close=\u00a0\u00bboff\u00a0\u00bb da_not_modal=\u00a0\u00bbon\u00a0\u00bb da_is_singular=\u00a0\u00bboff\u00a0\u00bb da_with_loader=\u00a0\u00bboff\u00a0\u00bb da_has_shadow=\u00a0\u00bbon\u00a0\u00bb][et_pb_row custom_padding_last_edited=\u00a0\u00bbon|phone\u00a0\u00bb _builder_version=\u00a0\u00bb4.20.4&Prime; _module_preset=\u00a0\u00bbdefault\u00a0\u00bb custom_padding=\u00a0\u00bb34vw||||false|false\u00a0\u00bb custom_padding_tablet=\u00a0\u00bb500px||||false|false\u00a0\u00bb custom_padding_phone=\u00a0\u00bb380px||||false|false\u00a0\u00bb global_colors_info=\u00a0\u00bb{}\u00a0\u00bb][et_pb_column type=\u00a0\u00bb4_4&Prime; _builder_version=\u00a0\u00bb4.20.4&Prime; _module_preset=\u00a0\u00bbdefault\u00a0\u00bb global_colors_info=\u00a0\u00bb{}\u00a0\u00bb][\/et_pb_column][\/et_pb_row][\/et_pb_section][et_pb_section fb_built=\u00a0\u00bb1&Prime; custom_padding_last_edited=\u00a0\u00bbon|phone\u00a0\u00bb _builder_version=\u00a0\u00bb4.24.0&Prime; _module_preset=\u00a0\u00bbdefault\u00a0\u00bb custom_padding=\u00a0\u00bb50px||||false|false\u00a0\u00bb custom_padding_tablet=\u00a0\u00bb100px||||false|false\u00a0\u00bb custom_padding_phone=\u00a0\u00bb100px||||false|false\u00a0\u00bb da_disable_devices=\u00a0\u00bboff|off|off\u00a0\u00bb global_colors_info=\u00a0\u00bb{}\u00a0\u00bb da_is_popup=\u00a0\u00bboff\u00a0\u00bb da_exit_intent=\u00a0\u00bboff\u00a0\u00bb da_has_close=\u00a0\u00bbon\u00a0\u00bb da_alt_close=\u00a0\u00bboff\u00a0\u00bb da_dark_close=\u00a0\u00bboff\u00a0\u00bb da_not_modal=\u00a0\u00bbon\u00a0\u00bb da_is_singular=\u00a0\u00bboff\u00a0\u00bb da_with_loader=\u00a0\u00bboff\u00a0\u00bb da_has_shadow=\u00a0\u00bbon\u00a0\u00bb][et_pb_row column_structure=\u00a0\u00bb1_2,1_2&Prime; make_equal=\u00a0\u00bbon\u00a0\u00bb _builder_version=\u00a0\u00bb4.20.4&Prime; _module_preset=\u00a0\u00bbdefault\u00a0\u00bb width=\u00a0\u00bb90%\u00a0\u00bb max_width=\u00a0\u00bb1920px\u00a0\u00bb global_colors_info=\u00a0\u00bb{}\u00a0\u00bb][et_pb_column type=\u00a0\u00bb1_2&Prime; _builder_version=\u00a0\u00bb4.20.4&Prime; _module_preset=\u00a0\u00bbdefault\u00a0\u00bb scroll_vertical_motion_enable=\u00a0\u00bbon\u00a0\u00bb scroll_vertical_motion=\u00a0\u00bb0|50|50|100|0.2|0|-0.2&Prime; global_colors_info=\u00a0\u00bb{}\u00a0\u00bb][et_pb_text _builder_version=\u00a0\u00bb4.24.0&Prime; _module_preset=\u00a0\u00bbdefault\u00a0\u00bb header_font_size=\u00a0\u00bb52px\u00a0\u00bb header_letter_spacing=\u00a0\u00bb1px\u00a0\u00bb custom_margin=\u00a0\u00bb||0px||false|false\u00a0\u00bb custom_padding=\u00a0\u00bb||0px||false|false\u00a0\u00bb hover_enabled=\u00a0\u00bb0&Prime; header_font_size_tablet=\u00a0\u00bb60px\u00a0\u00bb header_font_size_phone=\u00a0\u00bb40px\u00a0\u00bb header_font_size_last_edited=\u00a0\u00bbon|phone\u00a0\u00bb global_colors_info=\u00a0\u00bb{}\u00a0\u00bb sticky_enabled=\u00a0\u00bb0&Prime;]<\/p>\n<h1>L&rsquo;Europe investit dans les zones rurales<\/h1>\n<p>[\/et_pb_text][et_pb_text _builder_version=\u00a0\u00bb4.24.0&Prime; _module_preset=\u00a0\u00bbdefault\u00a0\u00bb global_colors_info=\u00a0\u00bb{}\u00a0\u00bb]<\/p>\n<p>Achat d\u2019un mat\u00e9riel pour le d\u00e9sherbage m\u00e9canique de nos vignes conduites en Bio.<\/p>\n<p>Ce mat\u00e9riel permet de travailler sous le rang et sur le rang en un passage afin de r\u00e9duire l\u2019usage de carburant et r\u00e9duire la charge de travail de notre \u00e9quipe.<\/p>\n<p>&nbsp;<\/p>\n<p>[\/et_pb_text][\/et_pb_column][et_pb_column type=\u00a0\u00bb1_2&Prime; _builder_version=\u00a0\u00bb4.20.4&Prime; _module_preset=\u00a0\u00bbdefault\u00a0\u00bb scroll_vertical_motion_enable=\u00a0\u00bbon\u00a0\u00bb scroll_vertical_motion=\u00a0\u00bb0|50|50|100|-0.3|0|0.3&Prime; global_colors_info=\u00a0\u00bb{}\u00a0\u00bb][et_pb_image src=\u00a0\u00bbhttps:\/\/domaine-camarette.com\/wp-content\/uploads\/2024\/02\/aaa-e1707556457605.jpg\u00a0\u00bb title_text=\u00a0\u00bbaaa\u00a0\u00bb _builder_version=\u00a0\u00bb4.24.0&Prime; _module_preset=\u00a0\u00bbdefault\u00a0\u00bb width=\u00a0\u00bb60%\u00a0\u00bb global_colors_info=\u00a0\u00bb{}\u00a0\u00bb][\/et_pb_image][\/et_pb_column][\/et_pb_row][\/et_pb_section][et_pb_section fb_built=\u00a0\u00bb1&Prime; _builder_version=\u00a0\u00bb4.20.4&Prime; _module_preset=\u00a0\u00bbdefault\u00a0\u00bb background_image=\u00a0\u00bbhttps:\/\/www.domaine-camarette.com\/wp-content\/uploads\/2023\/09\/iStock-179969219.webp\u00a0\u00bb da_disable_devices=\u00a0\u00bboff|off|off\u00a0\u00bb global_colors_info=\u00a0\u00bb{}\u00a0\u00bb da_is_popup=\u00a0\u00bboff\u00a0\u00bb da_exit_intent=\u00a0\u00bboff\u00a0\u00bb da_has_close=\u00a0\u00bbon\u00a0\u00bb da_alt_close=\u00a0\u00bboff\u00a0\u00bb da_dark_close=\u00a0\u00bboff\u00a0\u00bb da_not_modal=\u00a0\u00bbon\u00a0\u00bb da_is_singular=\u00a0\u00bboff\u00a0\u00bb da_with_loader=\u00a0\u00bboff\u00a0\u00bb da_has_shadow=\u00a0\u00bbon\u00a0\u00bb][et_pb_row _builder_version=\u00a0\u00bb4.20.4&Prime; _module_preset=\u00a0\u00bbdefault\u00a0\u00bb background_color=\u00a0\u00bb#FFFFFF\u00a0\u00bb global_colors_info=\u00a0\u00bb{}\u00a0\u00bb][et_pb_column type=\u00a0\u00bb4_4&Prime; _builder_version=\u00a0\u00bb4.20.4&Prime; _module_preset=\u00a0\u00bbdefault\u00a0\u00bb global_colors_info=\u00a0\u00bb{}\u00a0\u00bb][et_pb_text _builder_version=\u00a0\u00bb4.20.4&Prime; _module_preset=\u00a0\u00bbdefault\u00a0\u00bb header_3_text_align=\u00a0\u00bbcenter\u00a0\u00bb module_alignment=\u00a0\u00bbcenter\u00a0\u00bb global_colors_info=\u00a0\u00bb{}\u00a0\u00bb]<\/p>\n<h3><strong>D\u00e9couvrez l&rsquo;\u0152notourisme au Domaine de la Camarette<\/strong><\/h3>\n<p>[\/et_pb_text][et_pb_text _builder_version=\u00a0\u00bb4.20.4&Prime; _module_preset=\u00a0\u00bbdefault\u00a0\u00bb background_color=\u00a0\u00bb#FFFFFF\u00a0\u00bb text_orientation=\u00a0\u00bbcenter\u00a0\u00bb custom_padding=\u00a0\u00bb0px|110px|0px|110px|false|true\u00a0\u00bb custom_padding_tablet=\u00a0\u00bb0px|110px|0px|110px|false|true\u00a0\u00bb custom_padding_phone=\u00a0\u00bb0px|110px|0px|110px|false|true\u00a0\u00bb custom_padding_last_edited=\u00a0\u00bbon|desktop\u00a0\u00bb global_colors_info=\u00a0\u00bb{}\u00a0\u00bb]<\/p>\n<p><span>Apr\u00e8s avoir savour\u00e9 un repas d\u00e9licieux \u00e0 L&rsquo;Auberge de la Camarette, pourquoi ne pas prolonger l&rsquo;exp\u00e9rience en explorant notre offre d&rsquo;\u0153notourisme ? Plongez au c\u0153ur de la tradition viticole proven\u00e7ale, d\u00e9couvrez nos vignobles, d\u00e9gustez nos vins d&rsquo;exception et apprenez-en davantage sur l&rsquo;art de la vinification.<\/span><\/p>\n<p>[\/et_pb_text][et_pb_button button_url=\u00a0\u00bb\/oenotourisme\u00a0\u00bb button_text=\u00a0\u00bb- D\u00e9couvrir l&rsquo;\u0152notourisme au Domaine de la Camarette &#8211;\u00a0\u00bb button_alignment=\u00a0\u00bbcenter\u00a0\u00bb _builder_version=\u00a0\u00bb4.23.1&Prime; _module_preset=\u00a0\u00bbdefault\u00a0\u00bb custom_button=\u00a0\u00bbon\u00a0\u00bb button_text_color=\u00a0\u00bb#CEA45E\u00a0\u00bb button_border_width=\u00a0\u00bb0px\u00a0\u00bb button_use_icon=\u00a0\u00bboff\u00a0\u00bb global_colors_info=\u00a0\u00bb{}\u00a0\u00bb button_bg_color__hover_enabled=\u00a0\u00bbon|hover\u00a0\u00bb button_bg_color__hover=\u00a0\u00bbrgba(0,0,0,0.1)\u00a0\u00bb button_bg_enable_color__hover=\u00a0\u00bbon\u00a0\u00bb][\/et_pb_button][\/et_pb_column][\/et_pb_row][\/et_pb_section]<\/p>\n","protected":false},"excerpt":{"rendered":"<p>L&rsquo;Europe investit dans les zones ruralesAchat d\u2019un mat\u00e9riel pour le d\u00e9sherbage m\u00e9canique de nos vignes conduites en Bio. Ce mat\u00e9riel permet de travailler sous le rang et sur le rang en un passage afin de r\u00e9duire l\u2019usage de carburant et r\u00e9duire la charge de travail de notre \u00e9quipe. &nbsp;D\u00e9couvrez l&rsquo;\u0152notourisme au Domaine de la CamaretteApr\u00e8s [&hellip;]<\/p>\n","protected":false},"author":1,"featured_media":0,"parent":0,"menu_order":0,"comment_status":"closed","ping_status":"closed","template":"","meta":{"_et_pb_use_builder":"on","_et_pb_old_content":"","_et_gb_content_width":"","footnotes":""},"dipi_cpt_category":[],"class_list":["post-25052702","page","type-page","status-publish","hentry"],"yoast_head":"<!-- This site is optimized with the Yoast SEO plugin v27.3 - https:\/\/yoast.com\/product\/yoast-seo-wordpress\/ -->\n<title>FEADER - Camarette<\/title>\n<meta name=\"description\" content=\"Achat d\u2019\u2019un mat\u00e9riel pour le d\u00e9sherbage m\u00e9canique de nos vignes conduites en Bio.\" \/>\n<meta name=\"robots\" content=\"index, follow, max-snippet:-1, max-image-preview:large, max-video-preview:-1\" \/>\n<link rel=\"canonical\" href=\"https:\/\/domaine-camarette.com\/en\/feader\/\" \/>\n<meta property=\"og:locale\" content=\"en_GB\" \/>\n<meta property=\"og:type\" content=\"article\" \/>\n<meta property=\"og:title\" content=\"FEADER - Camarette\" \/>\n<meta property=\"og:description\" content=\"Achat d\u2019\u2019un mat\u00e9riel pour le d\u00e9sherbage m\u00e9canique de nos vignes conduites en Bio.\" \/>\n<meta property=\"og:url\" content=\"https:\/\/domaine-camarette.com\/en\/feader\/\" \/>\n<meta property=\"og:site_name\" content=\"Camarette\" \/>\n<meta property=\"article:modified_time\" content=\"2024-02-29T21:03:01+00:00\" \/>\n<meta name=\"twitter:card\" content=\"summary_large_image\" \/>\n<meta name=\"twitter:label1\" content=\"Estimated reading time\" \/>\n\t<meta name=\"twitter:data1\" content=\"1 minute\" \/>\n<script type=\"application\/ld+json\" class=\"yoast-schema-graph\">{\"@context\":\"https:\\\/\\\/schema.org\",\"@graph\":[{\"@type\":\"WebPage\",\"@id\":\"https:\\\/\\\/domaine-camarette.com\\\/feader\",\"url\":\"https:\\\/\\\/domaine-camarette.com\\\/feader\",\"name\":\"FEADER - Camarette\",\"isPartOf\":{\"@id\":\"https:\\\/\\\/domaine-camarette.com\\\/#website\"},\"datePublished\":\"2024-02-10T09:26:58+00:00\",\"dateModified\":\"2024-02-29T21:03:01+00:00\",\"description\":\"Achat d\u2019\u2019un mat\u00e9riel pour le d\u00e9sherbage m\u00e9canique de nos vignes conduites en Bio.\",\"breadcrumb\":{\"@id\":\"https:\\\/\\\/domaine-camarette.com\\\/feader#breadcrumb\"},\"inLanguage\":\"en-GB\",\"potentialAction\":[{\"@type\":\"ReadAction\",\"target\":[\"https:\\\/\\\/domaine-camarette.com\\\/feader\"]}]},{\"@type\":\"BreadcrumbList\",\"@id\":\"https:\\\/\\\/domaine-camarette.com\\\/feader#breadcrumb\",\"itemListElement\":[{\"@type\":\"ListItem\",\"position\":1,\"name\":\"Accueil\",\"item\":\"https:\\\/\\\/domaine-camarette.com\\\/\"},{\"@type\":\"ListItem\",\"position\":2,\"name\":\"FEADER\"}]},{\"@type\":\"WebSite\",\"@id\":\"https:\\\/\\\/domaine-camarette.com\\\/#website\",\"url\":\"https:\\\/\\\/domaine-camarette.com\\\/\",\"name\":\"Camarette\",\"description\":\"\",\"potentialAction\":[{\"@type\":\"SearchAction\",\"target\":{\"@type\":\"EntryPoint\",\"urlTemplate\":\"https:\\\/\\\/domaine-camarette.com\\\/?s={search_term_string}\"},\"query-input\":{\"@type\":\"PropertyValueSpecification\",\"valueRequired\":true,\"valueName\":\"search_term_string\"}}],\"inLanguage\":\"en-GB\"}]}<\/script>\n<!-- \/ Yoast SEO plugin. -->","yoast_head_json":{"title":"FEADER - Camarette","description":"Achat d\u2019\u2019un mat\u00e9riel pour le d\u00e9sherbage m\u00e9canique de nos vignes conduites en Bio.","robots":{"index":"index","follow":"follow","max-snippet":"max-snippet:-1","max-image-preview":"max-image-preview:large","max-video-preview":"max-video-preview:-1"},"canonical":"https:\/\/domaine-camarette.com\/en\/feader\/","og_locale":"en_GB","og_type":"article","og_title":"FEADER - Camarette","og_description":"Achat d\u2019\u2019un mat\u00e9riel pour le d\u00e9sherbage m\u00e9canique de nos vignes conduites en Bio.","og_url":"https:\/\/domaine-camarette.com\/en\/feader\/","og_site_name":"Camarette","article_modified_time":"2024-02-29T21:03:01+00:00","twitter_card":"summary_large_image","twitter_misc":{"Estimated reading time":"1 minute"},"schema":{"@context":"https:\/\/schema.org","@graph":[{"@type":"WebPage","@id":"https:\/\/domaine-camarette.com\/feader","url":"https:\/\/domaine-camarette.com\/feader","name":"FEADER - Camarette","isPartOf":{"@id":"https:\/\/domaine-camarette.com\/#website"},"datePublished":"2024-02-10T09:26:58+00:00","dateModified":"2024-02-29T21:03:01+00:00","description":"Achat d\u2019\u2019un mat\u00e9riel pour le d\u00e9sherbage m\u00e9canique de nos vignes conduites en Bio.","breadcrumb":{"@id":"https:\/\/domaine-camarette.com\/feader#breadcrumb"},"inLanguage":"en-GB","potentialAction":[{"@type":"ReadAction","target":["https:\/\/domaine-camarette.com\/feader"]}]},{"@type":"BreadcrumbList","@id":"https:\/\/domaine-camarette.com\/feader#breadcrumb","itemListElement":[{"@type":"ListItem","position":1,"name":"Accueil","item":"https:\/\/domaine-camarette.com\/"},{"@type":"ListItem","position":2,"name":"FEADER"}]},{"@type":"WebSite","@id":"https:\/\/domaine-camarette.com\/#website","url":"https:\/\/domaine-camarette.com\/","name":"Camarette","description":"","potentialAction":[{"@type":"SearchAction","target":{"@type":"EntryPoint","urlTemplate":"https:\/\/domaine-camarette.com\/?s={search_term_string}"},"query-input":{"@type":"PropertyValueSpecification","valueRequired":true,"valueName":"search_term_string"}}],"inLanguage":"en-GB"}]}},"_links":{"self":[{"href":"https:\/\/domaine-camarette.com\/en\/wp-json\/wp\/v2\/pages\/25052702","targetHints":{"allow":["GET"]}}],"collection":[{"href":"https:\/\/domaine-camarette.com\/en\/wp-json\/wp\/v2\/pages"}],"about":[{"href":"https:\/\/domaine-camarette.com\/en\/wp-json\/wp\/v2\/types\/page"}],"author":[{"embeddable":true,"href":"https:\/\/domaine-camarette.com\/en\/wp-json\/wp\/v2\/users\/1"}],"replies":[{"embeddable":true,"href":"https:\/\/domaine-camarette.com\/en\/wp-json\/wp\/v2\/comments?post=25052702"}],"version-history":[{"count":6,"href":"https:\/\/domaine-camarette.com\/en\/wp-json\/wp\/v2\/pages\/25052702\/revisions"}],"predecessor-version":[{"id":25052723,"href":"https:\/\/domaine-camarette.com\/en\/wp-json\/wp\/v2\/pages\/25052702\/revisions\/25052723"}],"wp:attachment":[{"href":"https:\/\/domaine-camarette.com\/en\/wp-json\/wp\/v2\/media?parent=25052702"}],"wp:term":[{"taxonomy":"dipi_cpt_category","embeddable":true,"href":"https:\/\/domaine-camarette.com\/en\/wp-json\/wp\/v2\/dipi_cpt_category?post=25052702"}],"curies":[{"name":"wp","href":"https:\/\/api.w.org\/{rel}","templated":true}]}}