{"id":18,"date":"2023-08-22T09:24:33","date_gmt":"2023-08-22T09:24:33","guid":{"rendered":"http:\/\/wp.domaine-camarette.com\/?page_id=18"},"modified":"2024-01-05T11:19:05","modified_gmt":"2024-01-05T11:19:05","slug":"reception","status":"publish","type":"page","link":"https:\/\/domaine-camarette.com\/en\/reception","title":{"rendered":"RECEPTION"},"content":{"rendered":"\n[et_pb_section fb_built=\u00a0\u00bb1&Prime; _builder_version=\u00a0\u00bb4.20.4&Prime; _module_preset=\u00a0\u00bbdefault\u00a0\u00bb background_color=\u00a0\u00bbrgba(0,0,0,0.25)\u00a0\u00bb background_image=\u00a0\u00bbhttps:\/\/www.domaine-camarette.com\/wp-content\/uploads\/2023\/09\/c404859a-cf0e-4524-9ef8-73b880aa4125_1_.webp\u00a0\u00bb background_blend=\u00a0\u00bbhard-light\u00a0\u00bb da_disable_devices=\u00a0\u00bboff|off|off\u00a0\u00bb global_colors_info=\u00a0\u00bb{}\u00a0\u00bb da_is_popup=\u00a0\u00bboff\u00a0\u00bb da_exit_intent=\u00a0\u00bboff\u00a0\u00bb da_has_close=\u00a0\u00bbon\u00a0\u00bb da_alt_close=\u00a0\u00bboff\u00a0\u00bb da_dark_close=\u00a0\u00bboff\u00a0\u00bb da_not_modal=\u00a0\u00bbon\u00a0\u00bb da_is_singular=\u00a0\u00bboff\u00a0\u00bb da_with_loader=\u00a0\u00bboff\u00a0\u00bb da_has_shadow=\u00a0\u00bbon\u00a0\u00bb][et_pb_row custom_padding_last_edited=\u00a0\u00bbon|phone\u00a0\u00bb _builder_version=\u00a0\u00bb4.20.4&Prime; _module_preset=\u00a0\u00bbdefault\u00a0\u00bb custom_padding=\u00a0\u00bb34vw||||false|false\u00a0\u00bb custom_padding_tablet=\u00a0\u00bb500px||||false|false\u00a0\u00bb custom_padding_phone=\u00a0\u00bb380px||||false|false\u00a0\u00bb global_colors_info=\u00a0\u00bb{}\u00a0\u00bb][et_pb_column type=\u00a0\u00bb4_4&Prime; _builder_version=\u00a0\u00bb4.20.4&Prime; _module_preset=\u00a0\u00bbdefault\u00a0\u00bb global_colors_info=\u00a0\u00bb{}\u00a0\u00bb][et_pb_text _builder_version=\u00a0\u00bb4.23.1&Prime; _module_preset=\u00a0\u00bbdefault\u00a0\u00bb header_2_font=\u00a0\u00bb|700|||||||\u00a0\u00bb header_2_text_align=\u00a0\u00bbcenter\u00a0\u00bb header_2_text_color=\u00a0\u00bb#FFFFFF\u00a0\u00bb header_2_font_size=\u00a0\u00bb40px\u00a0\u00bb scroll_vertical_motion_enable=\u00a0\u00bbon\u00a0\u00bb scroll_vertical_motion=\u00a0\u00bb0|50|50|100|0|0|0.2&Prime; header_2_font_size_tablet=\u00a0\u00bb40px\u00a0\u00bb header_2_font_size_phone=\u00a0\u00bb34px\u00a0\u00bb header_2_font_size_last_edited=\u00a0\u00bbon|phone\u00a0\u00bb header_2_text_shadow_style=\u00a0\u00bbpreset1&Prime; global_colors_info=\u00a0\u00bb{}\u00a0\u00bb]<h2>Les Privatisations<\/h2>[\/et_pb_text][\/et_pb_column][\/et_pb_row][\/et_pb_section][et_pb_section fb_built=\u00a0\u00bb1&Prime; custom_padding_last_edited=\u00a0\u00bbon|phone\u00a0\u00bb _builder_version=\u00a0\u00bb4.20.4&Prime; _module_preset=\u00a0\u00bbdefault\u00a0\u00bb custom_padding=\u00a0\u00bb250px||||false|false\u00a0\u00bb custom_padding_tablet=\u00a0\u00bb100px||||false|false\u00a0\u00bb custom_padding_phone=\u00a0\u00bb100px||||false|false\u00a0\u00bb da_disable_devices=\u00a0\u00bboff|off|off\u00a0\u00bb global_colors_info=\u00a0\u00bb{}\u00a0\u00bb da_is_popup=\u00a0\u00bboff\u00a0\u00bb da_exit_intent=\u00a0\u00bboff\u00a0\u00bb da_has_close=\u00a0\u00bbon\u00a0\u00bb da_alt_close=\u00a0\u00bboff\u00a0\u00bb da_dark_close=\u00a0\u00bboff\u00a0\u00bb da_not_modal=\u00a0\u00bbon\u00a0\u00bb da_is_singular=\u00a0\u00bboff\u00a0\u00bb da_with_loader=\u00a0\u00bboff\u00a0\u00bb da_has_shadow=\u00a0\u00bbon\u00a0\u00bb][et_pb_row column_structure=\u00a0\u00bb1_2,1_2&Prime; make_equal=\u00a0\u00bbon\u00a0\u00bb _builder_version=\u00a0\u00bb4.20.4&Prime; _module_preset=\u00a0\u00bbdefault\u00a0\u00bb width=\u00a0\u00bb90%\u00a0\u00bb max_width=\u00a0\u00bb1920px\u00a0\u00bb global_colors_info=\u00a0\u00bb{}\u00a0\u00bb][et_pb_column type=\u00a0\u00bb1_2&Prime; _builder_version=\u00a0\u00bb4.20.4&Prime; _module_preset=\u00a0\u00bbdefault\u00a0\u00bb scroll_vertical_motion_enable=\u00a0\u00bbon\u00a0\u00bb scroll_vertical_motion=\u00a0\u00bb0|50|50|100|0.2|0|-0.2&Prime; global_colors_info=\u00a0\u00bb{}\u00a0\u00bb][et_pb_text _builder_version=\u00a0\u00bb4.20.4&Prime; _module_preset=\u00a0\u00bbdefault\u00a0\u00bb header_font_size=\u00a0\u00bb52px\u00a0\u00bb header_letter_spacing=\u00a0\u00bb1px\u00a0\u00bb custom_margin=\u00a0\u00bb||0px||false|false\u00a0\u00bb custom_padding=\u00a0\u00bb||0px||false|false\u00a0\u00bb header_font_size_tablet=\u00a0\u00bb60px\u00a0\u00bb header_font_size_phone=\u00a0\u00bb40px\u00a0\u00bb header_font_size_last_edited=\u00a0\u00bbon|phone\u00a0\u00bb global_colors_info=\u00a0\u00bb{}\u00a0\u00bb]<h1>\u00c9V\u00c8NEMENT PRIV\u00c9<\/h1>[\/et_pb_text][et_pb_text _builder_version=\u00a0\u00bb4.20.4&Prime; _module_preset=\u00a0\u00bbdefault\u00a0\u00bb custom_margin=\u00a0\u00bb0px||||false|false\u00a0\u00bb custom_padding=\u00a0\u00bb0px||||false|false\u00a0\u00bb global_colors_info=\u00a0\u00bb{}\u00a0\u00bb]<p><span style=\"color: #333333;\">[Nous recevons les groupes uniquement]<\/span><\/p>[\/et_pb_text][et_pb_text _builder_version=\u00a0\u00bb4.20.4&Prime; _module_preset=\u00a0\u00bbdefault\u00a0\u00bb global_colors_info=\u00a0\u00bb{}\u00a0\u00bb]<p>Dans le charmant Mas Proven\u00e7al du XVII\u1d49 si\u00e8cle, enti\u00e8rement restaur\u00e9 et empreint de chaleur familiale, vous pourrez d\u00e9guster les plats concoct\u00e9s par notre Chef, <span style=\"background-color: #ffffff; font-size: 14px;\">Hugues Marrec<\/span><span style=\"font-size: 14px;\">. Il privil\u00e9gie les produits de la r\u00e9gion, frais et de saison.<\/span><\/p>\n<p><strong>Nous sommes ravis d&rsquo;accueillir des petits groupes d&rsquo;environ 20 convives<\/strong>, favorisant ainsi une ambiance conviviale et personnalis\u00e9e. C&rsquo;est <span style=\"background-color: #ffffff; font-size: 14px;\">l&rsquo;endroit parfait pour vos repas de famille et \u00e9v\u00e9nements.<br \/><br \/><\/span><span style=\"font-size: 14px;\">En 2024, le restaurant proposera \u00e9galement des menus \u00e0 th\u00e8me lors d&rsquo;ateliers de cuisine propos\u00e9s certains samedis matins pour des moments culinaires uniques.<\/span><\/p>\n<p><strong>R\u00e9servez d\u00e8s maintenant<\/strong> pour une exp\u00e9rience authentique au Domaine de la Camarette. <br \/>D\u00e9couvrez le parfait mariage entre tradition et innovation, sublim\u00e9 par les tr\u00e9sors de notre terroir proven\u00e7al.<\/p>[\/et_pb_text][dipi_button_grid flex_direction=\u00a0\u00bbrow\u00a0\u00bb _builder_version=\u00a0\u00bb4.23.1&Prime; _module_preset=\u00a0\u00bbdefault\u00a0\u00bb custom_button_grid=\u00a0\u00bbon\u00a0\u00bb button_grid_text_color=\u00a0\u00bb#CEA45E\u00a0\u00bb button_grid_bg_color=\u00a0\u00bbrgba(0,0,0,0.05)\u00a0\u00bb button_grid_border_width=\u00a0\u00bb0px\u00a0\u00bb button_grid_font=\u00a0\u00bb|300|||||||\u00a0\u00bb global_colors_info=\u00a0\u00bb{}\u00a0\u00bb][dipi_button_grid_child button_id=\u00a0\u00bbContact par mail \u00a0\u00bb button_type=\u00a0\u00bbdp_button\u00a0\u00bb button_text=\u00a0\u00bb- Contact par mail &#8211;\u00a0\u00bb button_link=\u00a0\u00bbmailto:contact@domaine-camarette.com\u00a0\u00bb _builder_version=\u00a0\u00bb4.23.1&Prime; _module_preset=\u00a0\u00bbdefault\u00a0\u00bb global_colors_info=\u00a0\u00bb{}\u00a0\u00bb][\/dipi_button_grid_child][dipi_button_grid_child button_id=\u00a0\u00bbT\u00e9l\u00e9phone\u00a0\u00bb button_text=\u00a0\u00bb- Par t\u00e9l\u00e9phone &#8211;\u00a0\u00bb button_link=\u00a0\u00bbtel:0490616078&Prime; _builder_version=\u00a0\u00bb4.23.1&Prime; _module_preset=\u00a0\u00bbdefault\u00a0\u00bb global_colors_info=\u00a0\u00bb{}\u00a0\u00bb][\/dipi_button_grid_child][\/dipi_button_grid][\/et_pb_column][et_pb_column type=\u00a0\u00bb1_2&Prime; _builder_version=\u00a0\u00bb4.20.4&Prime; _module_preset=\u00a0\u00bbdefault\u00a0\u00bb scroll_vertical_motion_enable=\u00a0\u00bbon\u00a0\u00bb scroll_vertical_motion=\u00a0\u00bb0|50|50|100|-0.3|0|0.3&Prime; global_colors_info=\u00a0\u00bb{}\u00a0\u00bb][dipi_masonry_gallery gallery_ids=\u00a0\u00bb3891234,3891251,3891238,3891239,3891240,3891241,3891242,3891243,3891236,25051762&Prime; use_overlay=\u00a0\u00bbon\u00a0\u00bb use_thumbnails=\u00a0\u00bbon\u00a0\u00bb use_overlay_tablet=\u00a0\u00bboff\u00a0\u00bb use_overlay_phone=\u00a0\u00bboff\u00a0\u00bb use_overlay_last_edited=\u00a0\u00bbon|desktop\u00a0\u00bb _builder_version=\u00a0\u00bb4.20.4&Prime; _module_preset=\u00a0\u00bbdefault\u00a0\u00bb global_colors_info=\u00a0\u00bb{}\u00a0\u00bb][\/dipi_masonry_gallery][\/et_pb_column][\/et_pb_row][\/et_pb_section][et_pb_section fb_built=\u00a0\u00bb1&Prime; _builder_version=\u00a0\u00bb4.23.1&Prime; _module_preset=\u00a0\u00bbdefault\u00a0\u00bb background_image=\u00a0\u00bbhttps:\/\/www.domaine-camarette.com\/wp-content\/uploads\/2023\/10\/auberge-e1697123573170.webp\u00a0\u00bb parallax=\u00a0\u00bbon\u00a0\u00bb da_disable_devices=\u00a0\u00bboff|off|off\u00a0\u00bb global_colors_info=\u00a0\u00bb{}\u00a0\u00bb da_is_popup=\u00a0\u00bboff\u00a0\u00bb da_exit_intent=\u00a0\u00bboff\u00a0\u00bb da_has_close=\u00a0\u00bbon\u00a0\u00bb da_alt_close=\u00a0\u00bboff\u00a0\u00bb da_dark_close=\u00a0\u00bboff\u00a0\u00bb da_not_modal=\u00a0\u00bbon\u00a0\u00bb da_is_singular=\u00a0\u00bboff\u00a0\u00bb da_with_loader=\u00a0\u00bboff\u00a0\u00bb da_has_shadow=\u00a0\u00bbon\u00a0\u00bb][et_pb_row _builder_version=\u00a0\u00bb4.20.4&Prime; _module_preset=\u00a0\u00bbdefault\u00a0\u00bb width=\u00a0\u00bb100%\u00a0\u00bb max_width=\u00a0\u00bb2280px\u00a0\u00bb global_colors_info=\u00a0\u00bb{}\u00a0\u00bb][et_pb_column type=\u00a0\u00bb4_4&Prime; _builder_version=\u00a0\u00bb4.20.4&Prime; _module_preset=\u00a0\u00bbdefault\u00a0\u00bb global_colors_info=\u00a0\u00bb{}\u00a0\u00bb][et_pb_text _builder_version=\u00a0\u00bb4.23.1&Prime; _module_preset=\u00a0\u00bbdefault\u00a0\u00bb background_enable_color=\u00a0\u00bboff\u00a0\u00bb background_enable_image=\u00a0\u00bboff\u00a0\u00bb parallax=\u00a0\u00bbon\u00a0\u00bb parallax_method=\u00a0\u00bboff\u00a0\u00bb width=\u00a0\u00bb100%\u00a0\u00bb custom_padding=\u00a0\u00bb300px||300px||false|false\u00a0\u00bb custom_padding_tablet=\u00a0\u00bb300px||300px||false|false\u00a0\u00bb custom_padding_phone=\u00a0\u00bb50px||50px||false|false\u00a0\u00bb custom_padding_last_edited=\u00a0\u00bbon|phone\u00a0\u00bb global_colors_info=\u00a0\u00bb{}\u00a0\u00bb][\/et_pb_text][\/et_pb_column][\/et_pb_row][\/et_pb_section][et_pb_section fb_built=\u00a0\u00bb1&Prime; _builder_version=\u00a0\u00bb4.20.4&Prime; _module_preset=\u00a0\u00bbdefault\u00a0\u00bb custom_padding=\u00a0\u00bb150px||150px||false|false\u00a0\u00bb da_disable_devices=\u00a0\u00bboff|off|off\u00a0\u00bb global_colors_info=\u00a0\u00bb{}\u00a0\u00bb da_is_popup=\u00a0\u00bboff\u00a0\u00bb da_exit_intent=\u00a0\u00bboff\u00a0\u00bb da_has_close=\u00a0\u00bbon\u00a0\u00bb da_alt_close=\u00a0\u00bboff\u00a0\u00bb da_dark_close=\u00a0\u00bboff\u00a0\u00bb da_not_modal=\u00a0\u00bbon\u00a0\u00bb da_is_singular=\u00a0\u00bboff\u00a0\u00bb da_with_loader=\u00a0\u00bboff\u00a0\u00bb da_has_shadow=\u00a0\u00bbon\u00a0\u00bb][et_pb_row column_structure=\u00a0\u00bb1_2,1_2&Prime; make_equal=\u00a0\u00bbon\u00a0\u00bb module_class=\u00a0\u00bbinverse\u00a0\u00bb _builder_version=\u00a0\u00bb4.23.1&Prime; _module_preset=\u00a0\u00bbdefault\u00a0\u00bb width=\u00a0\u00bb90%\u00a0\u00bb max_width=\u00a0\u00bb1920px\u00a0\u00bb global_colors_info=\u00a0\u00bb{}\u00a0\u00bb][et_pb_column type=\u00a0\u00bb1_2&Prime; _builder_version=\u00a0\u00bb4.20.4&Prime; _module_preset=\u00a0\u00bbdefault\u00a0\u00bb scroll_vertical_motion_enable=\u00a0\u00bbon\u00a0\u00bb scroll_vertical_motion=\u00a0\u00bb0|50|50|100|0.2|0|-0.2&Prime; global_colors_info=\u00a0\u00bb{}\u00a0\u00bb][dipi_masonry_gallery gallery_ids=\u00a0\u00bb3891255,3891223,3891256,3891257,3891258,3891259,3891233,3891232&Prime; use_overlay=\u00a0\u00bbon\u00a0\u00bb use_overlay_tablet=\u00a0\u00bboff\u00a0\u00bb use_overlay_phone=\u00a0\u00bboff\u00a0\u00bb use_overlay_last_edited=\u00a0\u00bbon|phone\u00a0\u00bb _builder_version=\u00a0\u00bb4.23.1&Prime; _module_preset=\u00a0\u00bbdefault\u00a0\u00bb custom_margin_tablet=\u00a0\u00bb35px||||false|false\u00a0\u00bb custom_margin_phone=\u00a0\u00bb40px||||false|false\u00a0\u00bb custom_margin_last_edited=\u00a0\u00bbon|tablet\u00a0\u00bb global_colors_info=\u00a0\u00bb{}\u00a0\u00bb][\/dipi_masonry_gallery][\/et_pb_column][et_pb_column type=\u00a0\u00bb1_2&Prime; _builder_version=\u00a0\u00bb4.20.4&Prime; _module_preset=\u00a0\u00bbdefault\u00a0\u00bb scroll_vertical_motion_enable=\u00a0\u00bbon\u00a0\u00bb scroll_vertical_motion=\u00a0\u00bb0|50|50|100|-0.2|0|0.2&Prime; global_colors_info=\u00a0\u00bb{}\u00a0\u00bb][et_pb_text _builder_version=\u00a0\u00bb4.20.4&Prime; _module_preset=\u00a0\u00bbdefault\u00a0\u00bb header_font_size=\u00a0\u00bb52px\u00a0\u00bb header_letter_spacing=\u00a0\u00bb1px\u00a0\u00bb header_font_size_tablet=\u00a0\u00bb60px\u00a0\u00bb header_font_size_phone=\u00a0\u00bb40px\u00a0\u00bb header_font_size_last_edited=\u00a0\u00bbon|phone\u00a0\u00bb global_colors_info=\u00a0\u00bb{}\u00a0\u00bb]<h1>MARIAGE ET R\u00c9CEPTION<\/h1>[\/et_pb_text][et_pb_text _builder_version=\u00a0\u00bb4.20.4&Prime; _module_preset=\u00a0\u00bbdefault\u00a0\u00bb global_colors_info=\u00a0\u00bb{}\u00a0\u00bb]<p><span>Au Domaine de la Camarette, nich\u00e9 au pied du Mont Ventoux, n<\/span>ous vous offrons une exp\u00e9rience sur-mesure, alliant qualit\u00e9 et harmonie, pour rendre vos \u00e9v\u00e9nements priv\u00e9s v\u00e9ritablement exceptionnels.<\/p>\n<p>Que ce soit pour un mariage, un bapt\u00eame, un anniversaire, pour vos journ\u00e9es d&rsquo;\u00e9tudes, soir\u00e9es d&rsquo;entreprise, repas de fin d&rsquo;ann\u00e9e, team building, formations ou toute autre occasion sp\u00e9ciale, notre domaine est l&rsquo;endroit id\u00e9al. Offrez \u00e0 vos invit\u00e9s un moment convivial dans un lieu \u00e0 l&rsquo;atmosph\u00e8re intimiste, charg\u00e9 de caract\u00e8re et d&rsquo;authenticit\u00e9. Notre restaurant propose une vari\u00e9t\u00e9 de formules pour accompagner vos \u00e9v\u00e9nements. <br \/>Les accords subtils entre mets et vins sauront \u00e9merveiller vos convives, qu&rsquo;ils soient amis, famille ou collaborateurs.<\/p>\n<p>Faites de votre \u00e9v\u00e9nement un moment inoubliable au sein de notre domaine d&rsquo;exception.<\/p>[\/et_pb_text][dipi_button_grid flex_direction=\u00a0\u00bbrow\u00a0\u00bb _builder_version=\u00a0\u00bb4.23.1&Prime; _module_preset=\u00a0\u00bbdefault\u00a0\u00bb custom_button_grid=\u00a0\u00bbon\u00a0\u00bb button_grid_text_color=\u00a0\u00bb#CEA45E\u00a0\u00bb button_grid_bg_color=\u00a0\u00bbrgba(0,0,0,0.05)\u00a0\u00bb button_grid_border_width=\u00a0\u00bb0px\u00a0\u00bb button_grid_font=\u00a0\u00bb|300|||||||\u00a0\u00bb global_colors_info=\u00a0\u00bb{}\u00a0\u00bb][dipi_button_grid_child button_id=\u00a0\u00bbContact par mail \u00a0\u00bb button_type=\u00a0\u00bbdp_button\u00a0\u00bb button_text=\u00a0\u00bb- Contact par mail &#8211;\u00a0\u00bb button_link=\u00a0\u00bbmailto:contact@domaine-camarette.com\u00a0\u00bb _builder_version=\u00a0\u00bb4.23.1&Prime; _module_preset=\u00a0\u00bbdefault\u00a0\u00bb global_colors_info=\u00a0\u00bb{}\u00a0\u00bb][\/dipi_button_grid_child][dipi_button_grid_child button_id=\u00a0\u00bbT\u00e9l\u00e9phone\u00a0\u00bb button_text=\u00a0\u00bb- Par t\u00e9l\u00e9phone &#8211;\u00a0\u00bb button_link=\u00a0\u00bbtel:0490616078&Prime; _builder_version=\u00a0\u00bb4.23.1&Prime; _module_preset=\u00a0\u00bbdefault\u00a0\u00bb global_colors_info=\u00a0\u00bb{}\u00a0\u00bb][\/dipi_button_grid_child][\/dipi_button_grid][\/et_pb_column][\/et_pb_row][\/et_pb_section][et_pb_section fb_built=\u00a0\u00bb1&Prime; _builder_version=\u00a0\u00bb4.20.4&Prime; _module_preset=\u00a0\u00bbdefault\u00a0\u00bb background_image=\u00a0\u00bbhttps:\/\/www.domaine-camarette.com\/wp-content\/uploads\/2023\/09\/iStock-179969219.webp\u00a0\u00bb da_disable_devices=\u00a0\u00bboff|off|off\u00a0\u00bb global_colors_info=\u00a0\u00bb{}\u00a0\u00bb da_is_popup=\u00a0\u00bboff\u00a0\u00bb da_exit_intent=\u00a0\u00bboff\u00a0\u00bb da_has_close=\u00a0\u00bbon\u00a0\u00bb da_alt_close=\u00a0\u00bboff\u00a0\u00bb da_dark_close=\u00a0\u00bboff\u00a0\u00bb da_not_modal=\u00a0\u00bbon\u00a0\u00bb da_is_singular=\u00a0\u00bboff\u00a0\u00bb da_with_loader=\u00a0\u00bboff\u00a0\u00bb da_has_shadow=\u00a0\u00bbon\u00a0\u00bb][et_pb_row _builder_version=\u00a0\u00bb4.20.4&Prime; _module_preset=\u00a0\u00bbdefault\u00a0\u00bb background_color=\u00a0\u00bb#FFFFFF\u00a0\u00bb global_colors_info=\u00a0\u00bb{}\u00a0\u00bb][et_pb_column type=\u00a0\u00bb4_4&Prime; _builder_version=\u00a0\u00bb4.20.4&Prime; _module_preset=\u00a0\u00bbdefault\u00a0\u00bb global_colors_info=\u00a0\u00bb{}\u00a0\u00bb][et_pb_text _builder_version=\u00a0\u00bb4.20.4&Prime; _module_preset=\u00a0\u00bbdefault\u00a0\u00bb header_3_text_align=\u00a0\u00bbcenter\u00a0\u00bb module_alignment=\u00a0\u00bbcenter\u00a0\u00bb global_colors_info=\u00a0\u00bb{}\u00a0\u00bb]<h3><strong>D\u00e9couvrez l&rsquo;\u0152notourisme au Domaine de la Camarette<\/strong><\/h3>[\/et_pb_text][et_pb_text _builder_version=\u00a0\u00bb4.20.4&Prime; _module_preset=\u00a0\u00bbdefault\u00a0\u00bb background_color=\u00a0\u00bb#FFFFFF\u00a0\u00bb text_orientation=\u00a0\u00bbcenter\u00a0\u00bb custom_padding=\u00a0\u00bb0px|110px|0px|110px|false|true\u00a0\u00bb custom_padding_tablet=\u00a0\u00bb0px|110px|0px|110px|false|true\u00a0\u00bb custom_padding_phone=\u00a0\u00bb0px|110px|0px|110px|false|true\u00a0\u00bb custom_padding_last_edited=\u00a0\u00bbon|desktop\u00a0\u00bb global_colors_info=\u00a0\u00bb{}\u00a0\u00bb]<p><span>Apr\u00e8s avoir savour\u00e9 un repas d\u00e9licieux \u00e0 L&rsquo;Auberge de la Camarette, pourquoi ne pas prolonger l&rsquo;exp\u00e9rience en explorant notre offre d&rsquo;\u0153notourisme ? Plongez au c\u0153ur de la tradition viticole proven\u00e7ale, d\u00e9couvrez nos vignobles, d\u00e9gustez nos vins d&rsquo;exception et apprenez-en davantage sur l&rsquo;art de la vinification.<\/span><\/p>[\/et_pb_text][et_pb_button button_url=\u00a0\u00bb\/oenotourisme\u00a0\u00bb button_text=\u00a0\u00bb- D\u00e9couvrir l&rsquo;\u0152notourisme au Domaine de la Camarette &#8211;\u00a0\u00bb button_alignment=\u00a0\u00bbcenter\u00a0\u00bb _builder_version=\u00a0\u00bb4.23.1&Prime; _module_preset=\u00a0\u00bbdefault\u00a0\u00bb custom_button=\u00a0\u00bbon\u00a0\u00bb button_text_color=\u00a0\u00bb#CEA45E\u00a0\u00bb button_border_width=\u00a0\u00bb0px\u00a0\u00bb button_use_icon=\u00a0\u00bboff\u00a0\u00bb global_colors_info=\u00a0\u00bb{}\u00a0\u00bb button_bg_color__hover_enabled=\u00a0\u00bbon|hover\u00a0\u00bb button_bg_color__hover=\u00a0\u00bbrgba(0,0,0,0.1)\u00a0\u00bb button_bg_enable_color__hover=\u00a0\u00bbon\u00a0\u00bb][\/et_pb_button][\/et_pb_column][\/et_pb_row][\/et_pb_section]\n","protected":false},"excerpt":{"rendered":"<p>Les Privatisations\u00c9V\u00c8NEMENT PRIV\u00c9[Nous recevons les groupes uniquement]Dans le charmant Mas Proven\u00e7al du XVII\u1d49 si\u00e8cle, enti\u00e8rement restaur\u00e9 et empreint de chaleur familiale, vous pourrez d\u00e9guster les plats concoct\u00e9s par notre Chef, Hugues Marrec. Il privil\u00e9gie les produits de la r\u00e9gion, frais et de saison. Nous sommes ravis d&rsquo;accueillir des petits groupes d&rsquo;environ 20 convives, favorisant ainsi [&hellip;]<\/p>\n","protected":false},"author":1,"featured_media":0,"parent":0,"menu_order":0,"comment_status":"closed","ping_status":"closed","template":"","meta":{"_et_pb_use_builder":"on","_et_pb_old_content":"","_et_gb_content_width":"","footnotes":""},"dipi_cpt_category":[],"class_list":["post-18","page","type-page","status-publish","hentry"],"yoast_head":"<!-- This site is optimized with the Yoast SEO plugin v27.3 - https:\/\/yoast.com\/product\/yoast-seo-wordpress\/ -->\n<title>R\u00e9ceptions et \u00c9v\u00e9nements Priv\u00e9s au Domaine de la Camarette<\/title>\n<meta name=\"description\" content=\"D\u00e9couvrez des exp\u00e9riences sur-mesure pour vos \u00e9v\u00e9nements priv\u00e9s au Domaine de la Camarette, un lieu d&#039;exception au pied du Mont Ventoux.\" \/>\n<meta name=\"robots\" content=\"index, follow, max-snippet:-1, max-image-preview:large, max-video-preview:-1\" \/>\n<link rel=\"canonical\" href=\"https:\/\/domaine-camarette.com\/en\/reception\/\" \/>\n<meta property=\"og:locale\" content=\"en_GB\" \/>\n<meta property=\"og:type\" content=\"article\" \/>\n<meta property=\"og:title\" content=\"R\u00e9ceptions et \u00c9v\u00e9nements Priv\u00e9s au Domaine de la Camarette\" \/>\n<meta property=\"og:description\" content=\"D\u00e9couvrez des exp\u00e9riences sur-mesure pour vos \u00e9v\u00e9nements priv\u00e9s au Domaine de la Camarette, un lieu d&#039;exception au pied du Mont Ventoux.\" \/>\n<meta property=\"og:url\" content=\"https:\/\/domaine-camarette.com\/en\/reception\/\" \/>\n<meta property=\"og:site_name\" content=\"Camarette\" \/>\n<meta property=\"article:modified_time\" content=\"2024-01-05T11:19:05+00:00\" \/>\n<meta name=\"twitter:card\" content=\"summary_large_image\" \/>\n<meta name=\"twitter:label1\" content=\"Estimated reading time\" \/>\n\t<meta name=\"twitter:data1\" content=\"6 minutes\" \/>\n<script type=\"application\/ld+json\" class=\"yoast-schema-graph\">{\"@context\":\"https:\\\/\\\/schema.org\",\"@graph\":[{\"@type\":\"WebPage\",\"@id\":\"https:\\\/\\\/domaine-camarette.com\\\/reception\",\"url\":\"https:\\\/\\\/domaine-camarette.com\\\/reception\",\"name\":\"R\u00e9ceptions et \u00c9v\u00e9nements Priv\u00e9s au Domaine de la Camarette\",\"isPartOf\":{\"@id\":\"https:\\\/\\\/domaine-camarette.com\\\/#website\"},\"datePublished\":\"2023-08-22T09:24:33+00:00\",\"dateModified\":\"2024-01-05T11:19:05+00:00\",\"description\":\"D\u00e9couvrez des exp\u00e9riences sur-mesure pour vos \u00e9v\u00e9nements priv\u00e9s au Domaine de la Camarette, un lieu d'exception au pied du Mont Ventoux.\",\"breadcrumb\":{\"@id\":\"https:\\\/\\\/domaine-camarette.com\\\/reception#breadcrumb\"},\"inLanguage\":\"en-GB\",\"potentialAction\":[{\"@type\":\"ReadAction\",\"target\":[\"https:\\\/\\\/domaine-camarette.com\\\/reception\"]}]},{\"@type\":\"BreadcrumbList\",\"@id\":\"https:\\\/\\\/domaine-camarette.com\\\/reception#breadcrumb\",\"itemListElement\":[{\"@type\":\"ListItem\",\"position\":1,\"name\":\"Accueil\",\"item\":\"https:\\\/\\\/domaine-camarette.com\\\/\"},{\"@type\":\"ListItem\",\"position\":2,\"name\":\"R\u00c9CEPTION\"}]},{\"@type\":\"WebSite\",\"@id\":\"https:\\\/\\\/domaine-camarette.com\\\/#website\",\"url\":\"https:\\\/\\\/domaine-camarette.com\\\/\",\"name\":\"Camarette\",\"description\":\"\",\"potentialAction\":[{\"@type\":\"SearchAction\",\"target\":{\"@type\":\"EntryPoint\",\"urlTemplate\":\"https:\\\/\\\/domaine-camarette.com\\\/?s={search_term_string}\"},\"query-input\":{\"@type\":\"PropertyValueSpecification\",\"valueRequired\":true,\"valueName\":\"search_term_string\"}}],\"inLanguage\":\"en-GB\"}]}<\/script>\n<!-- \/ Yoast SEO plugin. -->","yoast_head_json":{"title":"R\u00e9ceptions et \u00c9v\u00e9nements Priv\u00e9s au Domaine de la Camarette","description":"D\u00e9couvrez des exp\u00e9riences sur-mesure pour vos \u00e9v\u00e9nements priv\u00e9s au Domaine de la Camarette, un lieu d'exception au pied du Mont Ventoux.","robots":{"index":"index","follow":"follow","max-snippet":"max-snippet:-1","max-image-preview":"max-image-preview:large","max-video-preview":"max-video-preview:-1"},"canonical":"https:\/\/domaine-camarette.com\/en\/reception\/","og_locale":"en_GB","og_type":"article","og_title":"R\u00e9ceptions et \u00c9v\u00e9nements Priv\u00e9s au Domaine de la Camarette","og_description":"D\u00e9couvrez des exp\u00e9riences sur-mesure pour vos \u00e9v\u00e9nements priv\u00e9s au Domaine de la Camarette, un lieu d'exception au pied du Mont Ventoux.","og_url":"https:\/\/domaine-camarette.com\/en\/reception\/","og_site_name":"Camarette","article_modified_time":"2024-01-05T11:19:05+00:00","twitter_card":"summary_large_image","twitter_misc":{"Estimated reading time":"6 minutes"},"schema":{"@context":"https:\/\/schema.org","@graph":[{"@type":"WebPage","@id":"https:\/\/domaine-camarette.com\/reception","url":"https:\/\/domaine-camarette.com\/reception","name":"R\u00e9ceptions et \u00c9v\u00e9nements Priv\u00e9s au Domaine de la Camarette","isPartOf":{"@id":"https:\/\/domaine-camarette.com\/#website"},"datePublished":"2023-08-22T09:24:33+00:00","dateModified":"2024-01-05T11:19:05+00:00","description":"D\u00e9couvrez des exp\u00e9riences sur-mesure pour vos \u00e9v\u00e9nements priv\u00e9s au Domaine de la Camarette, un lieu d'exception au pied du Mont Ventoux.","breadcrumb":{"@id":"https:\/\/domaine-camarette.com\/reception#breadcrumb"},"inLanguage":"en-GB","potentialAction":[{"@type":"ReadAction","target":["https:\/\/domaine-camarette.com\/reception"]}]},{"@type":"BreadcrumbList","@id":"https:\/\/domaine-camarette.com\/reception#breadcrumb","itemListElement":[{"@type":"ListItem","position":1,"name":"Accueil","item":"https:\/\/domaine-camarette.com\/"},{"@type":"ListItem","position":2,"name":"R\u00c9CEPTION"}]},{"@type":"WebSite","@id":"https:\/\/domaine-camarette.com\/#website","url":"https:\/\/domaine-camarette.com\/","name":"Camarette","description":"","potentialAction":[{"@type":"SearchAction","target":{"@type":"EntryPoint","urlTemplate":"https:\/\/domaine-camarette.com\/?s={search_term_string}"},"query-input":{"@type":"PropertyValueSpecification","valueRequired":true,"valueName":"search_term_string"}}],"inLanguage":"en-GB"}]}},"_links":{"self":[{"href":"https:\/\/domaine-camarette.com\/en\/wp-json\/wp\/v2\/pages\/18","targetHints":{"allow":["GET"]}}],"collection":[{"href":"https:\/\/domaine-camarette.com\/en\/wp-json\/wp\/v2\/pages"}],"about":[{"href":"https:\/\/domaine-camarette.com\/en\/wp-json\/wp\/v2\/types\/page"}],"author":[{"embeddable":true,"href":"https:\/\/domaine-camarette.com\/en\/wp-json\/wp\/v2\/users\/1"}],"replies":[{"embeddable":true,"href":"https:\/\/domaine-camarette.com\/en\/wp-json\/wp\/v2\/comments?post=18"}],"version-history":[{"count":40,"href":"https:\/\/domaine-camarette.com\/en\/wp-json\/wp\/v2\/pages\/18\/revisions"}],"predecessor-version":[{"id":25052681,"href":"https:\/\/domaine-camarette.com\/en\/wp-json\/wp\/v2\/pages\/18\/revisions\/25052681"}],"wp:attachment":[{"href":"https:\/\/domaine-camarette.com\/en\/wp-json\/wp\/v2\/media?parent=18"}],"wp:term":[{"taxonomy":"dipi_cpt_category","embeddable":true,"href":"https:\/\/domaine-camarette.com\/en\/wp-json\/wp\/v2\/dipi_cpt_category?post=18"}],"curies":[{"name":"wp","href":"https:\/\/api.w.org\/{rel}","templated":true}]}}