{"id":14,"date":"2023-08-22T09:10:22","date_gmt":"2023-08-22T09:10:22","guid":{"rendered":"http:\/\/wp.domaine-camarette.com\/?page_id=14"},"modified":"2024-07-26T13:12:45","modified_gmt":"2024-07-26T13:12:45","slug":"e-boutique","status":"publish","type":"page","link":"https:\/\/domaine-camarette.com\/en\/e-boutique","title":{"rendered":"E-SHOP"},"content":{"rendered":"<p>[et_pb_section fb_built=\u00a0\u00bb1&Prime; custom_padding_last_edited=\u00a0\u00bbon|phone\u00a0\u00bb _builder_version=\u00a0\u00bb4.23.1&Prime; _module_preset=\u00a0\u00bbdefault\u00a0\u00bb use_background_color_gradient=\u00a0\u00bbon\u00a0\u00bb background_color_gradient_stops=\u00a0\u00bbrgba(0,0,0,0.35) 0%|rgba(0,0,0,0.15) 38%\u00a0\u00bb background_image=\u00a0\u00bbhttps:\/\/www.domaine-camarette.com\/wp-content\/uploads\/2023\/09\/Visite-Domaine-de-la-Camarette-mars-2023-\u00a9-PDV-50-1.jpg\u00a0\u00bb background_blend=\u00a0\u00bboverlay\u00a0\u00bb custom_padding_tablet=\u00a0\u00bb\u00a0\u00bb custom_padding_phone=\u00a0\u00bb||250px||false|false\u00a0\u00bb da_disable_devices=\u00a0\u00bboff|off|off\u00a0\u00bb global_colors_info=\u00a0\u00bb{}\u00a0\u00bb da_is_popup=\u00a0\u00bboff\u00a0\u00bb da_exit_intent=\u00a0\u00bboff\u00a0\u00bb da_has_close=\u00a0\u00bbon\u00a0\u00bb da_alt_close=\u00a0\u00bboff\u00a0\u00bb da_dark_close=\u00a0\u00bboff\u00a0\u00bb da_not_modal=\u00a0\u00bbon\u00a0\u00bb da_is_singular=\u00a0\u00bboff\u00a0\u00bb da_with_loader=\u00a0\u00bboff\u00a0\u00bb da_has_shadow=\u00a0\u00bbon\u00a0\u00bb][et_pb_row _builder_version=\u00a0\u00bb4.20.4&Prime; _module_preset=\u00a0\u00bbdefault\u00a0\u00bb custom_margin=\u00a0\u00bb29vw||||false|false\u00a0\u00bb global_colors_info=\u00a0\u00bb{}\u00a0\u00bb][et_pb_column type=\u00a0\u00bb4_4&Prime; _builder_version=\u00a0\u00bb4.20.4&Prime; _module_preset=\u00a0\u00bbdefault\u00a0\u00bb global_colors_info=\u00a0\u00bb{}\u00a0\u00bb][et_pb_text _builder_version=\u00a0\u00bb4.20.4&Prime; _module_preset=\u00a0\u00bbdefault\u00a0\u00bb text_text_color=\u00a0\u00bb#FFFFFF\u00a0\u00bb header_2_text_align=\u00a0\u00bbcenter\u00a0\u00bb header_2_text_color=\u00a0\u00bb#FFFFFF\u00a0\u00bb header_2_text_shadow_style=\u00a0\u00bbpreset1&Prime; global_colors_info=\u00a0\u00bb{}\u00a0\u00bb]<\/p>\n<h2>BOUTIQUE EN LIGNE<\/h2>\n<p>[\/et_pb_text][\/et_pb_column][\/et_pb_row][\/et_pb_section][et_pb_section fb_built=\u00a0\u00bb1&Prime; _builder_version=\u00a0\u00bb4.20.4&Prime; _module_preset=\u00a0\u00bbdefault\u00a0\u00bb da_disable_devices=\u00a0\u00bboff|off|off\u00a0\u00bb global_colors_info=\u00a0\u00bb{}\u00a0\u00bb da_is_popup=\u00a0\u00bboff\u00a0\u00bb da_exit_intent=\u00a0\u00bboff\u00a0\u00bb da_has_close=\u00a0\u00bbon\u00a0\u00bb da_alt_close=\u00a0\u00bboff\u00a0\u00bb da_dark_close=\u00a0\u00bboff\u00a0\u00bb da_not_modal=\u00a0\u00bbon\u00a0\u00bb da_is_singular=\u00a0\u00bboff\u00a0\u00bb da_with_loader=\u00a0\u00bboff\u00a0\u00bb da_has_shadow=\u00a0\u00bbon\u00a0\u00bb][et_pb_row custom_padding_last_edited=\u00a0\u00bbon|desktop\u00a0\u00bb _builder_version=\u00a0\u00bb4.23.1&Prime; _module_preset=\u00a0\u00bbdefault\u00a0\u00bb width_tablet=\u00a0\u00bb\u00a0\u00bb width_phone=\u00a0\u00bb100%\u00a0\u00bb width_last_edited=\u00a0\u00bbon|phone\u00a0\u00bb custom_padding=\u00a0\u00bb150px||150px||false|false\u00a0\u00bb custom_padding_tablet=\u00a0\u00bb150px||150px||false|false\u00a0\u00bb custom_padding_phone=\u00a0\u00bb80px||80px||false|false\u00a0\u00bb global_colors_info=\u00a0\u00bb{}\u00a0\u00bb][et_pb_column type=\u00a0\u00bb4_4&Prime; _builder_version=\u00a0\u00bb4.20.4&Prime; _module_preset=\u00a0\u00bbdefault\u00a0\u00bb global_colors_info=\u00a0\u00bb{}\u00a0\u00bb][et_pb_text _builder_version=\u00a0\u00bb4.23.1&Prime; _module_preset=\u00a0\u00bbdefault\u00a0\u00bb header_text_color=\u00a0\u00bb#CEA45E\u00a0\u00bb header_font_size=\u00a0\u00bb80px\u00a0\u00bb header_line_height=\u00a0\u00bb1.4em\u00a0\u00bb header_3_text_align=\u00a0\u00bbcenter\u00a0\u00bb text_orientation=\u00a0\u00bbcenter\u00a0\u00bb animation_style=\u00a0\u00bbslide\u00a0\u00bb animation_direction=\u00a0\u00bbbottom\u00a0\u00bb animation_duration=\u00a0\u00bb2000ms\u00a0\u00bb animation_intensity_slide=\u00a0\u00bb10%\u00a0\u00bb animation_starting_opacity=\u00a0\u00bb100%\u00a0\u00bb scroll_scaling=\u00a0\u00bb0|50|50|100|100%|100|0%\u00a0\u00bb motion_trigger_start=\u00a0\u00bbbottom\u00a0\u00bb header_font_size_tablet=\u00a0\u00bb80px\u00a0\u00bb header_font_size_phone=\u00a0\u00bb33px\u00a0\u00bb header_font_size_last_edited=\u00a0\u00bbon|desktop\u00a0\u00bb global_colors_info=\u00a0\u00bb{}\u00a0\u00bb]<\/p>\n<h1><span>Explorez notre s\u00e9lection de vins biologiques en ligne.<br \/>Domaine de la Camarette<\/span><\/h1>\n<p>[\/et_pb_text][\/et_pb_column][\/et_pb_row][et_pb_row _builder_version=\u00a0\u00bb4.20.4&Prime; _module_preset=\u00a0\u00bbdefault\u00a0\u00bb global_colors_info=\u00a0\u00bb{}\u00a0\u00bb][et_pb_column type=\u00a0\u00bb4_4&Prime; _builder_version=\u00a0\u00bb4.20.4&Prime; _module_preset=\u00a0\u00bbdefault\u00a0\u00bb global_colors_info=\u00a0\u00bb{}\u00a0\u00bb][et_pb_text _builder_version=\u00a0\u00bb4.27.0&Prime; _module_preset=\u00a0\u00bbdefault\u00a0\u00bb header_3_text_align=\u00a0\u00bbcenter\u00a0\u00bb header_3_font_size=\u00a0\u00bb28px\u00a0\u00bb text_orientation=\u00a0\u00bbcenter\u00a0\u00bb animation_style=\u00a0\u00bbslide\u00a0\u00bb animation_direction=\u00a0\u00bbbottom\u00a0\u00bb animation_duration=\u00a0\u00bb2000ms\u00a0\u00bb animation_intensity_slide=\u00a0\u00bb10%\u00a0\u00bb animation_starting_opacity=\u00a0\u00bb100%\u00a0\u00bb hover_enabled=\u00a0\u00bb0&Prime; global_colors_info=\u00a0\u00bb{}\u00a0\u00bb sticky_enabled=\u00a0\u00bb0&Prime;]<\/p>\n<h3><span>Dans la boutique en ligne, vous<\/span><span>\u00a0trouverez :<\/span><\/h3>\n<p><span><\/span><\/p>\n<p><span><\/span><\/p>\n<p><span><\/span><\/p>\n<p><span>Notre gamme de <a href=\"https:\/\/www.domaine-camarette.com\/les-vins-bio-du-domaine-de-la-camarette-en-vallee-du-rhone-sud\/\">vins<\/a>\u00a0BIO pour toutes vos envies en AOP Ventoux et IGP M\u00e9diterran\u00e9e.<\/span><br \/><span>Dans les trois couleurs, que ce soit pour offrir ou pour vous !<\/span><\/p>\n<p><span>Commandez-en un clic tout ce dont vous avez besoin : blanc, rouge, ros\u00e9.<\/span><br \/><span>En bouteilles ou en bags in box de 3\u2009L, 5\u2009L et 10\u2009L.<\/span><\/p>\n<p>Ainsi que nos d\u00e9licieux l\u00e9gumes secs BIO.<\/p>\n<p>Enfin, notre Huile d&rsquo;olive BIO.<\/p>\n<p>[\/et_pb_text][\/et_pb_column][\/et_pb_row][\/et_pb_section][et_pb_section fb_built=\u00a0\u00bb1&Prime; _builder_version=\u00a0\u00bb4.20.4&Prime; _module_preset=\u00a0\u00bbdefault\u00a0\u00bb da_disable_devices=\u00a0\u00bboff|off|off\u00a0\u00bb global_colors_info=\u00a0\u00bb{}\u00a0\u00bb da_is_popup=\u00a0\u00bboff\u00a0\u00bb da_exit_intent=\u00a0\u00bboff\u00a0\u00bb da_has_close=\u00a0\u00bbon\u00a0\u00bb da_alt_close=\u00a0\u00bboff\u00a0\u00bb da_dark_close=\u00a0\u00bboff\u00a0\u00bb da_not_modal=\u00a0\u00bbon\u00a0\u00bb da_is_singular=\u00a0\u00bboff\u00a0\u00bb da_with_loader=\u00a0\u00bboff\u00a0\u00bb da_has_shadow=\u00a0\u00bbon\u00a0\u00bb][et_pb_row _builder_version=\u00a0\u00bb4.20.4&Prime; _module_preset=\u00a0\u00bbdefault\u00a0\u00bb global_colors_info=\u00a0\u00bb{}\u00a0\u00bb][et_pb_column type=\u00a0\u00bb4_4&Prime; _builder_version=\u00a0\u00bb4.20.4&Prime; _module_preset=\u00a0\u00bbdefault\u00a0\u00bb global_colors_info=\u00a0\u00bb{}\u00a0\u00bb][et_pb_code _builder_version=\u00a0\u00bb4.20.4&Prime; _module_preset=\u00a0\u00bbdefault\u00a0\u00bb global_colors_info=\u00a0\u00bb{}\u00a0\u00bb]<script src=\"https:\/\/www.euvino.eu\/jsc\/iframe.js\"><\/script> <!-- [et_pb_line_break_holder] --><script> initIframe(\"domaine-de-la-camarette\"); <\/script> <!-- [et_pb_line_break_holder] --><\/p>\n<div id=\"EuvinoIframeContainer\"><\/div>\n<p>[\/et_pb_code][\/et_pb_column][\/et_pb_row][\/et_pb_section]<\/p>\n","protected":false},"excerpt":{"rendered":"<p>BOUTIQUE EN LIGNEExplorez notre s\u00e9lection de vins biologiques en ligne.Domaine de la CamaretteDans la boutique en ligne, vous\u00a0trouverez : Notre gamme de vins\u00a0BIO pour toutes vos envies en AOP Ventoux et IGP M\u00e9diterran\u00e9e.Dans les trois couleurs, que ce soit pour offrir ou pour vous ! Commandez-en un clic tout ce dont vous avez besoin : [&hellip;]<\/p>\n","protected":false},"author":1,"featured_media":0,"parent":0,"menu_order":0,"comment_status":"closed","ping_status":"closed","template":"","meta":{"_et_pb_use_builder":"on","_et_pb_old_content":"<!-- wp:divi\/placeholder \/-->","_et_gb_content_width":"","footnotes":""},"dipi_cpt_category":[],"class_list":["post-14","page","type-page","status-publish","hentry"],"yoast_head":"<!-- This site is optimized with the Yoast SEO plugin v27.3 - https:\/\/yoast.com\/product\/yoast-seo-wordpress\/ -->\n<title>Achetez des Vins Bio AOP Ventoux et IGP M\u00e9diterran\u00e9e<\/title>\n<meta name=\"description\" content=\"D\u00e9couvrez notre s\u00e9lection de vins biologiques AOP Ventoux et IGP M\u00e9diterran\u00e9e. Commandez en ligne des vins blancs, rouges et ros\u00e9s &amp; spiritueux.\" \/>\n<meta name=\"robots\" content=\"index, follow, max-snippet:-1, max-image-preview:large, max-video-preview:-1\" \/>\n<link rel=\"canonical\" href=\"https:\/\/domaine-camarette.com\/en\/e-boutique\/\" \/>\n<meta property=\"og:locale\" content=\"en_GB\" \/>\n<meta property=\"og:type\" content=\"article\" \/>\n<meta property=\"og:title\" content=\"Achetez des Vins Bio AOP Ventoux et IGP M\u00e9diterran\u00e9e\" \/>\n<meta property=\"og:description\" content=\"D\u00e9couvrez notre s\u00e9lection de vins biologiques AOP Ventoux et IGP M\u00e9diterran\u00e9e. Commandez en ligne des vins blancs, rouges et ros\u00e9s &amp; spiritueux.\" \/>\n<meta property=\"og:url\" content=\"https:\/\/domaine-camarette.com\/en\/e-boutique\/\" \/>\n<meta property=\"og:site_name\" content=\"Camarette\" \/>\n<meta property=\"article:modified_time\" content=\"2024-07-26T13:12:45+00:00\" \/>\n<meta name=\"twitter:card\" content=\"summary_large_image\" \/>\n<meta name=\"twitter:label1\" content=\"Estimated reading time\" \/>\n\t<meta name=\"twitter:data1\" content=\"2 minutes\" \/>\n<script type=\"application\/ld+json\" class=\"yoast-schema-graph\">{\"@context\":\"https:\\\/\\\/schema.org\",\"@graph\":[{\"@type\":\"WebPage\",\"@id\":\"https:\\\/\\\/domaine-camarette.com\\\/e-boutique\",\"url\":\"https:\\\/\\\/domaine-camarette.com\\\/e-boutique\",\"name\":\"Achetez des Vins Bio AOP Ventoux et IGP M\u00e9diterran\u00e9e\",\"isPartOf\":{\"@id\":\"https:\\\/\\\/domaine-camarette.com\\\/#website\"},\"datePublished\":\"2023-08-22T09:10:22+00:00\",\"dateModified\":\"2024-07-26T13:12:45+00:00\",\"description\":\"D\u00e9couvrez notre s\u00e9lection de vins biologiques AOP Ventoux et IGP M\u00e9diterran\u00e9e. Commandez en ligne des vins blancs, rouges et ros\u00e9s & spiritueux.\",\"breadcrumb\":{\"@id\":\"https:\\\/\\\/domaine-camarette.com\\\/e-boutique#breadcrumb\"},\"inLanguage\":\"en-GB\",\"potentialAction\":[{\"@type\":\"ReadAction\",\"target\":[\"https:\\\/\\\/domaine-camarette.com\\\/e-boutique\"]}]},{\"@type\":\"BreadcrumbList\",\"@id\":\"https:\\\/\\\/domaine-camarette.com\\\/e-boutique#breadcrumb\",\"itemListElement\":[{\"@type\":\"ListItem\",\"position\":1,\"name\":\"Accueil\",\"item\":\"https:\\\/\\\/domaine-camarette.com\\\/\"},{\"@type\":\"ListItem\",\"position\":2,\"name\":\"E-BOUTIQUE\"}]},{\"@type\":\"WebSite\",\"@id\":\"https:\\\/\\\/domaine-camarette.com\\\/#website\",\"url\":\"https:\\\/\\\/domaine-camarette.com\\\/\",\"name\":\"Camarette\",\"description\":\"\",\"potentialAction\":[{\"@type\":\"SearchAction\",\"target\":{\"@type\":\"EntryPoint\",\"urlTemplate\":\"https:\\\/\\\/domaine-camarette.com\\\/?s={search_term_string}\"},\"query-input\":{\"@type\":\"PropertyValueSpecification\",\"valueRequired\":true,\"valueName\":\"search_term_string\"}}],\"inLanguage\":\"en-GB\"}]}<\/script>\n<!-- \/ Yoast SEO plugin. -->","yoast_head_json":{"title":"Achetez des Vins Bio AOP Ventoux et IGP M\u00e9diterran\u00e9e","description":"D\u00e9couvrez notre s\u00e9lection de vins biologiques AOP Ventoux et IGP M\u00e9diterran\u00e9e. Commandez en ligne des vins blancs, rouges et ros\u00e9s & spiritueux.","robots":{"index":"index","follow":"follow","max-snippet":"max-snippet:-1","max-image-preview":"max-image-preview:large","max-video-preview":"max-video-preview:-1"},"canonical":"https:\/\/domaine-camarette.com\/en\/e-boutique\/","og_locale":"en_GB","og_type":"article","og_title":"Achetez des Vins Bio AOP Ventoux et IGP M\u00e9diterran\u00e9e","og_description":"D\u00e9couvrez notre s\u00e9lection de vins biologiques AOP Ventoux et IGP M\u00e9diterran\u00e9e. Commandez en ligne des vins blancs, rouges et ros\u00e9s & spiritueux.","og_url":"https:\/\/domaine-camarette.com\/en\/e-boutique\/","og_site_name":"Camarette","article_modified_time":"2024-07-26T13:12:45+00:00","twitter_card":"summary_large_image","twitter_misc":{"Estimated reading time":"2 minutes"},"schema":{"@context":"https:\/\/schema.org","@graph":[{"@type":"WebPage","@id":"https:\/\/domaine-camarette.com\/e-boutique","url":"https:\/\/domaine-camarette.com\/e-boutique","name":"Achetez des Vins Bio AOP Ventoux et IGP M\u00e9diterran\u00e9e","isPartOf":{"@id":"https:\/\/domaine-camarette.com\/#website"},"datePublished":"2023-08-22T09:10:22+00:00","dateModified":"2024-07-26T13:12:45+00:00","description":"D\u00e9couvrez notre s\u00e9lection de vins biologiques AOP Ventoux et IGP M\u00e9diterran\u00e9e. Commandez en ligne des vins blancs, rouges et ros\u00e9s & spiritueux.","breadcrumb":{"@id":"https:\/\/domaine-camarette.com\/e-boutique#breadcrumb"},"inLanguage":"en-GB","potentialAction":[{"@type":"ReadAction","target":["https:\/\/domaine-camarette.com\/e-boutique"]}]},{"@type":"BreadcrumbList","@id":"https:\/\/domaine-camarette.com\/e-boutique#breadcrumb","itemListElement":[{"@type":"ListItem","position":1,"name":"Accueil","item":"https:\/\/domaine-camarette.com\/"},{"@type":"ListItem","position":2,"name":"E-BOUTIQUE"}]},{"@type":"WebSite","@id":"https:\/\/domaine-camarette.com\/#website","url":"https:\/\/domaine-camarette.com\/","name":"Camarette","description":"","potentialAction":[{"@type":"SearchAction","target":{"@type":"EntryPoint","urlTemplate":"https:\/\/domaine-camarette.com\/?s={search_term_string}"},"query-input":{"@type":"PropertyValueSpecification","valueRequired":true,"valueName":"search_term_string"}}],"inLanguage":"en-GB"}]}},"_links":{"self":[{"href":"https:\/\/domaine-camarette.com\/en\/wp-json\/wp\/v2\/pages\/14","targetHints":{"allow":["GET"]}}],"collection":[{"href":"https:\/\/domaine-camarette.com\/en\/wp-json\/wp\/v2\/pages"}],"about":[{"href":"https:\/\/domaine-camarette.com\/en\/wp-json\/wp\/v2\/types\/page"}],"author":[{"embeddable":true,"href":"https:\/\/domaine-camarette.com\/en\/wp-json\/wp\/v2\/users\/1"}],"replies":[{"embeddable":true,"href":"https:\/\/domaine-camarette.com\/en\/wp-json\/wp\/v2\/comments?post=14"}],"version-history":[{"count":19,"href":"https:\/\/domaine-camarette.com\/en\/wp-json\/wp\/v2\/pages\/14\/revisions"}],"predecessor-version":[{"id":25053027,"href":"https:\/\/domaine-camarette.com\/en\/wp-json\/wp\/v2\/pages\/14\/revisions\/25053027"}],"wp:attachment":[{"href":"https:\/\/domaine-camarette.com\/en\/wp-json\/wp\/v2\/media?parent=14"}],"wp:term":[{"taxonomy":"dipi_cpt_category","embeddable":true,"href":"https:\/\/domaine-camarette.com\/en\/wp-json\/wp\/v2\/dipi_cpt_category?post=14"}],"curies":[{"name":"wp","href":"https:\/\/api.w.org\/{rel}","templated":true}]}}